{"id":16,"date":"2022-04-06T01:16:41","date_gmt":"2022-04-05T23:16:41","guid":{"rendered":"https:\/\/khg.neo7.de\/?page_id=16"},"modified":"2025-09-17T10:29:50","modified_gmt":"2025-09-17T08:29:50","slug":"impressum","status":"publish","type":"page","link":"https:\/\/khgkoeln.de\/en\/impressum\/","title":{"rendered":"Legal notice"},"content":{"rendered":"<p><em><strong>Angaben gem\u00e4\u00df \u00a7 5, Abs. 1 TMG (Telemediengesetz) und Informationspflicht im Sinne des \u00a7 18 MStV (Medienstaatsvertrag)<em><strong>:<\/strong><\/em><\/strong><\/em><\/p>\n\n\n\n<p><strong>Adresse und <\/strong><em><strong>Contact:<br><\/strong><\/em>KHG K\u00f6ln<br>Berrenrather Str. 127<br>50937 K\u00f6ln<\/p>\n\n\n\n<p>Telefon:&nbsp;0221 476920<br>E-Mail: <a href=\"mailto:info@khgkoeln.de\">info@khgkoeln.de<\/a><\/p>\n\n\n\n<p><em><strong>Rechtstr\u00e4ger:<br><\/strong><\/em>Erzbisch\u00f6fliches Generalvikariat<br>K\u00f6rperschaft des \u00f6ffentlichen Rechts<br>vertreten durch den Generalvikar Monsignore Guido Assmann<\/p>\n\n\n\n<p>Marzellenstra\u00dfe 32<br>D-50668 K\u00f6ln<br>Telefon: 0049 (0)221 1642 0<br>Fax: 0049 (0)221 1642 1700<\/p>\n\n\n\n<p>Email: <a href=\"mailto:schule-hochschule@erzbistum-koeln.de\">schule-hochschule@erzbistum-koeln.de<\/a><br>Umsatzsteuer-Identifikations-Nr.: DE 1227 77469<\/p>\n\n\n\n<p><em><strong>Ansprechpartner f\u00fcr die Inhalte<\/strong>:<br><\/em>Pfarrer Thorben Pollmann, Leiter der KHG K\u00f6ln<\/p>\n\n\n\n<p><em><strong>Verantwortliche i.S.d. \u00a7 18 Abs. 1 MStV (Medienstaatsvertrags):<br><\/strong><\/em>Wolfram Eberhardt, Leiter der Hauptabteilung Medien und Kommunikation<\/p>\n\n\n\n<p>Marzellenstra\u00dfe 32<br>D-50668 K\u00f6ln<br>Telefon: 0049 (0)221 1642 0<br>Fax: 0049 (0)221 1642 1700<\/p>\n\n\n\n<p><strong>Logodesign<\/strong><br><a href=\"http:\/\/www.alfredrehbach.de\/\">Alfred <\/a><a rel=\"noreferrer noopener\" href=\"http:\/\/www.alfredrehbach.de\/\" target=\"_blank\">Rehbach<\/a><\/p>\n\n\n\n<p><strong>Webdesign<\/strong><br><a href=\"http:\/\/www.alfredrehbach.de\/\">Alfred <\/a><a rel=\"noreferrer noopener\" href=\"http:\/\/www.alfredrehbach.de\/\" target=\"_blank\">Rehbach<\/a><strong>, Nicole Ringhut<\/strong><\/p>\n\n\n\n<p><strong>Programmierung<\/strong><br><a href=\"https:\/\/neo7.de\" target=\"_blank\" rel=\"noreferrer noopener\">neo7.de<\/a><\/p>\n\n\n\n<p><em><strong>Fotos und Texte:<\/strong><\/em><br>KHG K\u00f6ln<\/p>\n\n\n\n<p><em><strong>Streitschlichtung:<br><\/strong><\/em>Die Europ\u00e4ische Kommission stellt eine Plattform zur Online-Streitbeilegung (OS) bereit:&nbsp;<a href=\"https:\/\/ec.europa.eu\/consumers\/odr\">https:\/\/ec.europa.eu\/consumers\/odr<\/a>.<br>Wir sind nicht bereit oder verpflichtet, an Streitbeilegungsverfahren vor einer Verbraucherschlichtungsstelle teilzunehmen.<\/p>","protected":false},"excerpt":{"rendered":"<p>Angaben gem\u00e4\u00df \u00a7 5, Abs. 1 TMG (Telemediengesetz) und Informationspflicht im Sinne des \u00a7 18 MStV (Medienstaatsvertrag): Adresse und Kontakt:KHG K\u00f6lnBerrenrather Str. 12750937 K\u00f6ln Telefon:&nbsp;0221&hellip;<\/p>","protected":false},"author":1,"featured_media":0,"parent":0,"menu_order":7,"comment_status":"closed","ping_status":"closed","template":"","meta":{"ngg_post_thumbnail":0,"footnotes":""},"class_list":["post-16","page","type-page","status-publish","hentry"],"_links":{"self":[{"href":"https:\/\/khgkoeln.de\/en\/wp-json\/wp\/v2\/pages\/16","targetHints":{"allow":["GET"]}}],"collection":[{"href":"https:\/\/khgkoeln.de\/en\/wp-json\/wp\/v2\/pages"}],"about":[{"href":"https:\/\/khgkoeln.de\/en\/wp-json\/wp\/v2\/types\/page"}],"author":[{"embeddable":true,"href":"https:\/\/khgkoeln.de\/en\/wp-json\/wp\/v2\/users\/1"}],"replies":[{"embeddable":true,"href":"https:\/\/khgkoeln.de\/en\/wp-json\/wp\/v2\/comments?post=16"}],"version-history":[{"count":11,"href":"https:\/\/khgkoeln.de\/en\/wp-json\/wp\/v2\/pages\/16\/revisions"}],"predecessor-version":[{"id":7044,"href":"https:\/\/khgkoeln.de\/en\/wp-json\/wp\/v2\/pages\/16\/revisions\/7044"}],"wp:attachment":[{"href":"https:\/\/khgkoeln.de\/en\/wp-json\/wp\/v2\/media?parent=16"}],"curies":[{"name":"wp","href":"https:\/\/api.w.org\/{rel}","templated":true}]}}