{"id":2392,"date":"2022-09-16T15:03:51","date_gmt":"2022-09-16T13:03:51","guid":{"rendered":"https:\/\/khgkoeln.de\/?page_id=2392"},"modified":"2025-10-08T14:01:58","modified_gmt":"2025-10-08T12:01:58","slug":"raeumlichkeiten-der-khg","status":"publish","type":"page","link":"https:\/\/khgkoeln.de\/en\/raeumlichkeiten-der-khg\/","title":{"rendered":"Rooms of the KHG"},"content":{"rendered":"<p>Our building at Berrenrather Str. 127 is only a stone's throw away from the Unicampus at Albertus-Magnus-Platz. The KHG sees itself as a place of togetherness and coming together for students and staff from all Cologne universities.<\/p>\n\n\n\n<h2 class=\"wp-block-heading\">Why and to whom do we rent rooms?&nbsp;<\/h2>\n\n\n\n<p>As a Catholic university community, one of our missions is to serve young people studying with our resources.&nbsp;<\/p>\n\n\n\n<p>We therefore make rooms available free of charge or at a reduced rate to organisations and events that are directly related to student life. (e.g. Erasmus workshops, AStA emergency dormitory, university sports dance courses, Student Concerts and Performances etc.).\u00a0<\/p>\n\n\n\n<p>Organisations and events that have an indirect connection to student life can rent premises from us for a fee, if the event is of benefit to students.&nbsp;<\/p>\n\n\n\n<h2 class=\"wp-block-heading\">Who is excluded from renting?&nbsp;<\/h2>\n\n\n\n<ul class=\"wp-block-list\">\n<li>Organisations and events that pursue a commercial objective<\/li>\n\n\n\n<li>Party political events&nbsp;<\/li>\n\n\n\n<li>Organisations and events that explicitly contradict fundamental Christian values.<\/li>\n\n\n\n<li>Events and organisations that are not indirectly related to student life<\/li>\n\n\n\n<li>Any form of private event (e.g. birthday parties, weddings, Christmas parties, etc.)&nbsp;<\/li>\n<\/ul>\n\n\n\n<h2 class=\"wp-block-heading\">Who can I contact?<\/h2>\n\n\n\n<p class=\"translation-block\">Our office will be happy to receive general enquiries by email <a href=\"mailto:sekretariat@khgkoeln.de\" target=\"_self\">sekretariat@khgkoeln.de<\/a>\u00a0and will get back to you promptly. A contract of use is concluded upon rental and a deposit is payable in advance.<\/p>\n\n\n\n<p class=\"translation-block\">Specific arrangements for an event with regard to technology, drinks requirements etc. should be clarified with our student staff under \u00a0<a href=\"mailto:service@khgkoeln.de\" target=\"_self\">service@khgkoeln.de<\/a>. With regard to beer and mixed beer drinks, we cooperate with the fr\u00fch brewery and with Fritz for lemonades and cola.<\/p>\n\n\n\n<h2 class=\"wp-block-heading\">What is the fee for the rooms?&nbsp;<\/h2>\n\n\n\n<p>We distinguish between two price categories:<\/p>\n\n\n\n<ol class=\"wp-block-list\">\n<li>Cooperation partners and partners with a direct student connection (e.g. Erasmus, KAAD, university sports, student councils, AStA, student union, etc.)&nbsp;<\/li>\n\n\n\n<li>External enquiries with an indirect student connection&nbsp;<\/li>\n<\/ol>\n\n\n\n<p>As well as the length of the event:&nbsp;<\/p>\n\n\n\n<ol class=\"wp-block-list\">\n<li>under 3 hours<\/li>\n\n\n\n<li>over 3 hours \/ whole day&nbsp;<\/li>\n<\/ol>\n\n\n\n<p>With this information and specific room requests, you can enquire about prices at the secretary's office.&nbsp;<\/p>\n\n\n\n<p>Depending on the event, there is an additional cleaning fee of 120 euros, which we will charge afterwards.\u00a0<\/p>\n\n\n\n<p>Depending on the room hired, we also charge a deposit of between 150 and 400 euros, which must be paid in cash before the event and will be refunded afterwards if the room is handed over in perfect condition.&nbsp;<\/p>\n\n\n\n<h2 class=\"wp-block-heading\">What else needs to be considered?&nbsp;<\/h2>\n\n\n\n<p class=\"translation-block\">As hosts, we offer the option of ordering drinks through us, which we charge at cost price.<br>We cooperate with the fr\u00fch brewery for beer and mixed beer drinks and with Fritz for lemonades and cola.<br>We are happy to provide a drinks list on request. Please do not bring your own drinks.<\/p>\n\n\n\n<p>Die KHG befindet sich mitten im famili\u00e4ren Wohngebiet K\u00f6ln S\u00fclz.<br>Nach 22 Uhr bitten wir deshalb, die Fenster insbesondere zur Stra\u00dfenseite (Berrenrather Str.) geschlossen zu halten.<br>Unsere Nachbarn haben einen sehr guten Draht zum Ordnungsamt\u2026 \ud83d\ude09\u00a0<\/p>\n\n\n\n<h2 class=\"wp-block-heading\">Which rooms are available?<\/h2>\n\n\n\n<div class=\"wp-block-query is-layout-flow wp-block-query-is-layout-flow\"><ul class=\"wp-block-post-template is-layout-flow wp-block-post-template-is-layout-flow\"><li class=\"wp-block-post post-2486 post type-post status-publish format-standard has-post-thumbnail hentry category-beitrag category-raeumlichkeiten\">\n\n<div class=\"wp-block-columns are-vertically-aligned-center is-layout-flex wp-container-core-columns-is-layout-9d6595d7 wp-block-columns-is-layout-flex\">\n<div class=\"wp-block-column is-vertically-aligned-center is-layout-flow wp-block-column-is-layout-flow\" style=\"flex-basis:50%\"><figure class=\"wp-block-post-featured-image\"><a href=\"https:\/\/khgkoeln.de\/en\/aula\/\" target=\"_self\"  ><img loading=\"lazy\" decoding=\"async\" width=\"800\" height=\"800\" src=\"https:\/\/khgkoeln.de\/wp-content\/uploads\/2022\/09\/Aula.jpg\" class=\"attachment-post-thumbnail size-post-thumbnail wp-post-image\" alt=\"Aula\" style=\"object-fit:cover;\" srcset=\"https:\/\/khgkoeln.de\/wp-content\/uploads\/2022\/09\/Aula.jpg 800w, https:\/\/khgkoeln.de\/wp-content\/uploads\/2022\/09\/Aula-640x640.jpg 640w, https:\/\/khgkoeln.de\/wp-content\/uploads\/2022\/09\/Aula-768x768.jpg 768w, https:\/\/khgkoeln.de\/wp-content\/uploads\/2022\/09\/Aula-12x12.jpg 12w\" sizes=\"auto, (max-width: 800px) 100vw, 800px\" \/><\/a><\/figure><\/div>\n\n\n\n<div class=\"wp-block-column is-vertically-aligned-center is-layout-flow wp-block-column-is-layout-flow\" style=\"flex-basis:75%\"><h2 class=\"wp-block-post-title\"><a href=\"https:\/\/khgkoeln.de\/en\/aula\/\" target=\"_self\" >Auditorium<\/a><\/h2>\n\n<div class=\"wp-block-post-excerpt\"><p class=\"wp-block-post-excerpt__excerpt\">Die\u00a0Aula\u00a0ist mit 345 m2 unser gr\u00f6\u00dfter Veranstaltungssaal: Hier finden Chorproben und -konzerte, Theaterauff\u00fchrungen und Tanzkurse, aber nat\u00fcrlich auch unsere eigenen Gro\u00dfveranstaltungen wie z.B. die Semesterer\u00f6ffnung<\/p><p class=\"wp-block-post-excerpt__more-text\"><a class=\"wp-block-post-excerpt__more-link\" href=\"https:\/\/khgkoeln.de\/en\/aula\/\">&gt; more<\/a><\/p><\/div><\/div>\n<\/div>\n\n<\/li><li class=\"wp-block-post post-2491 post type-post status-publish format-standard has-post-thumbnail hentry category-beitrag category-raeumlichkeiten\">\n\n<div class=\"wp-block-columns are-vertically-aligned-center is-layout-flex wp-container-core-columns-is-layout-9d6595d7 wp-block-columns-is-layout-flex\">\n<div class=\"wp-block-column is-vertically-aligned-center is-layout-flow wp-block-column-is-layout-flow\" style=\"flex-basis:50%\"><figure class=\"wp-block-post-featured-image\"><a href=\"https:\/\/khgkoeln.de\/en\/cafe-leselampe\/\" target=\"_self\"  ><img loading=\"lazy\" decoding=\"async\" width=\"800\" height=\"800\" src=\"https:\/\/khgkoeln.de\/wp-content\/uploads\/2022\/09\/Cafe-Leselampe.jpg\" class=\"attachment-post-thumbnail size-post-thumbnail wp-post-image\" alt=\"Caf\u00e9 Leselampe\" style=\"object-fit:cover;\" srcset=\"https:\/\/khgkoeln.de\/wp-content\/uploads\/2022\/09\/Cafe-Leselampe.jpg 800w, https:\/\/khgkoeln.de\/wp-content\/uploads\/2022\/09\/Cafe-Leselampe-640x640.jpg 640w, https:\/\/khgkoeln.de\/wp-content\/uploads\/2022\/09\/Cafe-Leselampe-768x768.jpg 768w, https:\/\/khgkoeln.de\/wp-content\/uploads\/2022\/09\/Cafe-Leselampe-12x12.jpg 12w\" sizes=\"auto, (max-width: 800px) 100vw, 800px\" \/><\/a><\/figure><\/div>\n\n\n\n<div class=\"wp-block-column is-vertically-aligned-center is-layout-flow wp-block-column-is-layout-flow\" style=\"flex-basis:75%\"><h2 class=\"wp-block-post-title\"><a href=\"https:\/\/khgkoeln.de\/en\/cafe-leselampe\/\" target=\"_self\" >Caf\u00e9 Leselampe<\/a><\/h2>\n\n<div class=\"wp-block-post-excerpt\"><p class=\"wp-block-post-excerpt__excerpt\">Ist die Unibibliothek mal wieder zu voll, dann ist das&nbsp;Caf\u00e9 Leselampe&nbsp;mit kostenfreiem WLAN ideal, um in Ruhe an den eigenen Hausarbeiten zu schreiben oder f\u00fcr<\/p><p class=\"wp-block-post-excerpt__more-text\"><a class=\"wp-block-post-excerpt__more-link\" href=\"https:\/\/khgkoeln.de\/en\/cafe-leselampe\/\">&gt; more<\/a><\/p><\/div><\/div>\n<\/div>\n\n<\/li><li class=\"wp-block-post post-2498 post type-post status-publish format-standard has-post-thumbnail hentry category-beitrag category-raeumlichkeiten\">\n\n<div class=\"wp-block-columns are-vertically-aligned-center is-layout-flex wp-container-core-columns-is-layout-9d6595d7 wp-block-columns-is-layout-flex\">\n<div class=\"wp-block-column is-vertically-aligned-center is-layout-flow wp-block-column-is-layout-flow\" style=\"flex-basis:50%\"><figure class=\"wp-block-post-featured-image\"><a href=\"https:\/\/khgkoeln.de\/en\/saeulensaal\/\" target=\"_self\"  ><img loading=\"lazy\" decoding=\"async\" width=\"800\" height=\"800\" src=\"https:\/\/khgkoeln.de\/wp-content\/uploads\/2022\/09\/Saeulensaal.jpg\" class=\"attachment-post-thumbnail size-post-thumbnail wp-post-image\" alt=\"S\u00e4ulensaal\" style=\"object-fit:cover;\" srcset=\"https:\/\/khgkoeln.de\/wp-content\/uploads\/2022\/09\/Saeulensaal.jpg 800w, https:\/\/khgkoeln.de\/wp-content\/uploads\/2022\/09\/Saeulensaal-640x640.jpg 640w, https:\/\/khgkoeln.de\/wp-content\/uploads\/2022\/09\/Saeulensaal-768x768.jpg 768w, https:\/\/khgkoeln.de\/wp-content\/uploads\/2022\/09\/Saeulensaal-12x12.jpg 12w\" sizes=\"auto, (max-width: 800px) 100vw, 800px\" \/><\/a><\/figure><\/div>\n\n\n\n<div class=\"wp-block-column is-vertically-aligned-center is-layout-flow wp-block-column-is-layout-flow\" style=\"flex-basis:75%\"><h2 class=\"wp-block-post-title\"><a href=\"https:\/\/khgkoeln.de\/en\/saeulensaal\/\" target=\"_self\" >Pillar Room<\/a><\/h2>\n\n<div class=\"wp-block-post-excerpt\"><p class=\"wp-block-post-excerpt__excerpt translation-block\">The <strong>Pillar Room<\/strong> (87m<sup>2<\/sup>) is one of several rooms that can be used for meetings, discussion rounds, presentations and similar formats.<\/p><p class=\"wp-block-post-excerpt__more-text\"><a class=\"wp-block-post-excerpt__more-link\" href=\"https:\/\/khgkoeln.de\/en\/saeulensaal\/\">&gt; more<\/a><\/p><\/div><\/div>\n<\/div>\n\n<\/li><li class=\"wp-block-post post-2503 post type-post status-publish format-standard has-post-thumbnail hentry category-beitrag category-raeumlichkeiten\">\n\n<div class=\"wp-block-columns are-vertically-aligned-center is-layout-flex wp-container-core-columns-is-layout-9d6595d7 wp-block-columns-is-layout-flex\">\n<div class=\"wp-block-column is-vertically-aligned-center is-layout-flow wp-block-column-is-layout-flow\" style=\"flex-basis:50%\"><figure class=\"wp-block-post-featured-image\"><a href=\"https:\/\/khgkoeln.de\/en\/musikraum\/\" target=\"_self\"  ><img loading=\"lazy\" decoding=\"async\" width=\"800\" height=\"800\" src=\"https:\/\/khgkoeln.de\/wp-content\/uploads\/2022\/09\/Musikraum.jpg\" class=\"attachment-post-thumbnail size-post-thumbnail wp-post-image\" alt=\"Musikraum\" style=\"object-fit:cover;\" srcset=\"https:\/\/khgkoeln.de\/wp-content\/uploads\/2022\/09\/Musikraum.jpg 800w, https:\/\/khgkoeln.de\/wp-content\/uploads\/2022\/09\/Musikraum-640x640.jpg 640w, https:\/\/khgkoeln.de\/wp-content\/uploads\/2022\/09\/Musikraum-768x768.jpg 768w, https:\/\/khgkoeln.de\/wp-content\/uploads\/2022\/09\/Musikraum-12x12.jpg 12w\" sizes=\"auto, (max-width: 800px) 100vw, 800px\" \/><\/a><\/figure><\/div>\n\n\n\n<div class=\"wp-block-column is-vertically-aligned-center is-layout-flow wp-block-column-is-layout-flow\" style=\"flex-basis:75%\"><h2 class=\"wp-block-post-title\"><a href=\"https:\/\/khgkoeln.de\/en\/musikraum\/\" target=\"_self\" >Music room<\/a><\/h2>\n\n<div class=\"wp-block-post-excerpt\"><p class=\"wp-block-post-excerpt__excerpt\">Unser voll ausgestatteter&nbsp;Musikraum&nbsp;ist mit Gitarren, Drumset, Amps und Aktivboxen eingerichtet und eignet sich perfekt f\u00fcr kleinere Bandproben. Studierende der Musik nutzen aber auch gerne Aula<\/p><p class=\"wp-block-post-excerpt__more-text\"><a class=\"wp-block-post-excerpt__more-link\" href=\"https:\/\/khgkoeln.de\/en\/musikraum\/\">&gt; more<\/a><\/p><\/div><\/div>\n<\/div>\n\n<\/li><li class=\"wp-block-post post-2509 post type-post status-publish format-standard has-post-thumbnail hentry category-raeumlichkeiten category-beitrag\">\n\n<div class=\"wp-block-columns are-vertically-aligned-center is-layout-flex wp-container-core-columns-is-layout-9d6595d7 wp-block-columns-is-layout-flex\">\n<div class=\"wp-block-column is-vertically-aligned-center is-layout-flow wp-block-column-is-layout-flow\" style=\"flex-basis:50%\"><figure class=\"wp-block-post-featured-image\"><a href=\"https:\/\/khgkoeln.de\/en\/meditationsraum\/\" target=\"_self\"  ><img loading=\"lazy\" decoding=\"async\" width=\"960\" height=\"960\" src=\"https:\/\/khgkoeln.de\/wp-content\/uploads\/2022\/09\/Meditation.jpeg\" class=\"attachment-post-thumbnail size-post-thumbnail wp-post-image\" alt=\"Meditationsraum\" style=\"object-fit:cover;\" srcset=\"https:\/\/khgkoeln.de\/wp-content\/uploads\/2022\/09\/Meditation.jpeg 960w, https:\/\/khgkoeln.de\/wp-content\/uploads\/2022\/09\/Meditation-800x800.jpeg 800w, https:\/\/khgkoeln.de\/wp-content\/uploads\/2022\/09\/Meditation-640x640.jpeg 640w, https:\/\/khgkoeln.de\/wp-content\/uploads\/2022\/09\/Meditation-768x768.jpeg 768w, https:\/\/khgkoeln.de\/wp-content\/uploads\/2022\/09\/Meditation-12x12.jpeg 12w\" sizes=\"auto, (max-width: 960px) 100vw, 960px\" \/><\/a><\/figure><\/div>\n\n\n\n<div class=\"wp-block-column is-vertically-aligned-center is-layout-flow wp-block-column-is-layout-flow\" style=\"flex-basis:75%\"><h2 class=\"wp-block-post-title\"><a href=\"https:\/\/khgkoeln.de\/en\/meditationsraum\/\" target=\"_self\" >Meditation room<\/a><\/h2>\n\n<div class=\"wp-block-post-excerpt\"><p class=\"wp-block-post-excerpt__excerpt\">The meditation room (68 m\u00b2), fully carpeted, is designed for quieter and more contemplative moments \u2014 for example, our weekly meditation takes place here every Wednesday at 8 pm.<\/p><p class=\"wp-block-post-excerpt__more-text\"><a class=\"wp-block-post-excerpt__more-link\" href=\"https:\/\/khgkoeln.de\/en\/meditationsraum\/\">&gt; more<\/a><\/p><\/div><\/div>\n<\/div>\n\n<\/li><li class=\"wp-block-post post-2515 post type-post status-publish format-standard has-post-thumbnail hentry category-beitrag category-raeumlichkeiten\">\n\n<div class=\"wp-block-columns are-vertically-aligned-center is-layout-flex wp-container-core-columns-is-layout-9d6595d7 wp-block-columns-is-layout-flex\">\n<div class=\"wp-block-column is-vertically-aligned-center is-layout-flow wp-block-column-is-layout-flow\" style=\"flex-basis:50%\"><figure class=\"wp-block-post-featured-image\"><a href=\"https:\/\/khgkoeln.de\/en\/vatikaenchen\/\" target=\"_self\"  ><img loading=\"lazy\" decoding=\"async\" width=\"720\" height=\"720\" src=\"https:\/\/khgkoeln.de\/wp-content\/uploads\/2022\/09\/Vatikaenchen.jpg\" class=\"attachment-post-thumbnail size-post-thumbnail wp-post-image\" alt=\"Vatik\u00e4nchen\" style=\"object-fit:cover;\" srcset=\"https:\/\/khgkoeln.de\/wp-content\/uploads\/2022\/09\/Vatikaenchen.jpg 720w, https:\/\/khgkoeln.de\/wp-content\/uploads\/2022\/09\/Vatikaenchen-640x640.jpg 640w, https:\/\/khgkoeln.de\/wp-content\/uploads\/2022\/09\/Vatikaenchen-12x12.jpg 12w\" sizes=\"auto, (max-width: 720px) 100vw, 720px\" \/><\/a><\/figure><\/div>\n\n\n\n<div class=\"wp-block-column is-vertically-aligned-center is-layout-flow wp-block-column-is-layout-flow\" style=\"flex-basis:75%\"><h2 class=\"wp-block-post-title\"><a href=\"https:\/\/khgkoeln.de\/en\/vatikaenchen\/\" target=\"_self\" >Vatik\u00e4nchen<\/a><\/h2>\n\n<div class=\"wp-block-post-excerpt\"><p class=\"wp-block-post-excerpt__excerpt\">The \u201cVatik\u00e4nchen\u201d (257 m\u00b2) is our event and party space with a professional cooling system. Students and university groups can celebrate here at affordable rates for up to 200 people. Learn more.<\/p><p class=\"wp-block-post-excerpt__more-text\"><a class=\"wp-block-post-excerpt__more-link\" href=\"https:\/\/khgkoeln.de\/en\/vatikaenchen\/\">&gt; more<\/a><\/p><\/div><\/div>\n<\/div>\n\n<\/li><li class=\"wp-block-post post-2698 post type-post status-publish format-standard has-post-thumbnail hentry category-beitrag category-raeumlichkeiten\">\n\n<div class=\"wp-block-columns are-vertically-aligned-center is-layout-flex wp-container-core-columns-is-layout-9d6595d7 wp-block-columns-is-layout-flex\">\n<div class=\"wp-block-column is-vertically-aligned-center is-layout-flow wp-block-column-is-layout-flow\" style=\"flex-basis:50%\"><figure class=\"wp-block-post-featured-image\"><a href=\"https:\/\/khgkoeln.de\/en\/foyer\/\" target=\"_self\"  ><img loading=\"lazy\" decoding=\"async\" width=\"800\" height=\"800\" src=\"https:\/\/khgkoeln.de\/wp-content\/uploads\/2022\/09\/Foyer.jpg\" class=\"attachment-post-thumbnail size-post-thumbnail wp-post-image\" alt=\"Foyer\" style=\"object-fit:cover;\" srcset=\"https:\/\/khgkoeln.de\/wp-content\/uploads\/2022\/09\/Foyer.jpg 800w, https:\/\/khgkoeln.de\/wp-content\/uploads\/2022\/09\/Foyer-640x640.jpg 640w, https:\/\/khgkoeln.de\/wp-content\/uploads\/2022\/09\/Foyer-768x768.jpg 768w, https:\/\/khgkoeln.de\/wp-content\/uploads\/2022\/09\/Foyer-12x12.jpg 12w\" sizes=\"auto, (max-width: 800px) 100vw, 800px\" \/><\/a><\/figure><\/div>\n\n\n\n<div class=\"wp-block-column is-vertically-aligned-center is-layout-flow wp-block-column-is-layout-flow\" style=\"flex-basis:75%\"><h2 class=\"wp-block-post-title\"><a href=\"https:\/\/khgkoeln.de\/en\/foyer\/\" target=\"_self\" >Foyer<\/a><\/h2>\n\n<div class=\"wp-block-post-excerpt\"><p class=\"wp-block-post-excerpt__excerpt translation-block\">In our <strong>foyer<\/strong> you can play table football, billiards and table tennis. For cooking evenings we have two fully equipped kitchens in the house.<\/p><p class=\"wp-block-post-excerpt__more-text\"><a class=\"wp-block-post-excerpt__more-link\" href=\"https:\/\/khgkoeln.de\/en\/foyer\/\">&gt; more<\/a><\/p><\/div><\/div>\n<\/div>\n\n<\/li><li class=\"wp-block-post post-2519 post type-post status-publish format-standard has-post-thumbnail hentry category-beitrag category-raeumlichkeiten\">\n\n<div class=\"wp-block-columns are-vertically-aligned-center is-layout-flex wp-container-core-columns-is-layout-9d6595d7 wp-block-columns-is-layout-flex\">\n<div class=\"wp-block-column is-vertically-aligned-center is-layout-flow wp-block-column-is-layout-flow\" style=\"flex-basis:50%\"><figure class=\"wp-block-post-featured-image\"><a href=\"https:\/\/khgkoeln.de\/en\/kirche-hl-johannes-xxiii\/\" target=\"_self\"  ><img loading=\"lazy\" decoding=\"async\" width=\"1600\" height=\"1600\" src=\"https:\/\/khgkoeln.de\/wp-content\/uploads\/2022\/09\/khg-kirche.jpg\" class=\"attachment-post-thumbnail size-post-thumbnail wp-post-image\" alt=\"Kirche Hl. Johannes XXIII.\" style=\"object-fit:cover;\" srcset=\"https:\/\/khgkoeln.de\/wp-content\/uploads\/2022\/09\/khg-kirche.jpg 1600w, https:\/\/khgkoeln.de\/wp-content\/uploads\/2022\/09\/khg-kirche-800x800.jpg 800w, https:\/\/khgkoeln.de\/wp-content\/uploads\/2022\/09\/khg-kirche-1200x1200.jpg 1200w, https:\/\/khgkoeln.de\/wp-content\/uploads\/2022\/09\/khg-kirche-640x640.jpg 640w, https:\/\/khgkoeln.de\/wp-content\/uploads\/2022\/09\/khg-kirche-768x768.jpg 768w, https:\/\/khgkoeln.de\/wp-content\/uploads\/2022\/09\/khg-kirche-1536x1536.jpg 1536w, https:\/\/khgkoeln.de\/wp-content\/uploads\/2022\/09\/khg-kirche-12x12.jpg 12w\" sizes=\"auto, (max-width: 1600px) 100vw, 1600px\" \/><\/a><\/figure><\/div>\n\n\n\n<div class=\"wp-block-column is-vertically-aligned-center is-layout-flow wp-block-column-is-layout-flow\" style=\"flex-basis:75%\"><h2 class=\"wp-block-post-title\"><a href=\"https:\/\/khgkoeln.de\/en\/kirche-hl-johannes-xxiii\/\" target=\"_self\" >KHG Church Hl. Johannes XXIII.<\/a><\/h2>\n\n<div class=\"wp-block-post-excerpt\"><p class=\"wp-block-post-excerpt__excerpt\">Nat\u00fcrlich geh\u00f6rt auch unsere\u00a0Kirche Hl. Johannes XXIII.\u00a0mit zum KHG-Zentrum, in der unsere Gottesdienste stattfinden. Desweiteren sind wir offen und freuen uns \u00fcber Kooperationen mit Musikern<\/p><p class=\"wp-block-post-excerpt__more-text\"><a class=\"wp-block-post-excerpt__more-link\" href=\"https:\/\/khgkoeln.de\/en\/kirche-hl-johannes-xxiii\/\">&gt; more<\/a><\/p><\/div><\/div>\n<\/div>\n\n<\/li><\/ul><\/div>","protected":false},"excerpt":{"rendered":"<p>Unser Geb\u00e4ude an der Berrenrather Str. 127 ist nur ein Katzensprung vom Unicampus am Albertus-Magnus-Platz entfernt. Die KHG versteht sich als Ort des Miteinanders und&hellip;<\/p>","protected":false},"author":1,"featured_media":0,"parent":0,"menu_order":3,"comment_status":"closed","ping_status":"closed","template":"","meta":{"ngg_post_thumbnail":0,"footnotes":""},"class_list":["post-2392","page","type-page","status-publish","hentry"],"_links":{"self":[{"href":"https:\/\/khgkoeln.de\/en\/wp-json\/wp\/v2\/pages\/2392","targetHints":{"allow":["GET"]}}],"collection":[{"href":"https:\/\/khgkoeln.de\/en\/wp-json\/wp\/v2\/pages"}],"about":[{"href":"https:\/\/khgkoeln.de\/en\/wp-json\/wp\/v2\/types\/page"}],"author":[{"embeddable":true,"href":"https:\/\/khgkoeln.de\/en\/wp-json\/wp\/v2\/users\/1"}],"replies":[{"embeddable":true,"href":"https:\/\/khgkoeln.de\/en\/wp-json\/wp\/v2\/comments?post=2392"}],"version-history":[{"count":10,"href":"https:\/\/khgkoeln.de\/en\/wp-json\/wp\/v2\/pages\/2392\/revisions"}],"predecessor-version":[{"id":7347,"href":"https:\/\/khgkoeln.de\/en\/wp-json\/wp\/v2\/pages\/2392\/revisions\/7347"}],"wp:attachment":[{"href":"https:\/\/khgkoeln.de\/en\/wp-json\/wp\/v2\/media?parent=2392"}],"curies":[{"name":"wp","href":"https:\/\/api.w.org\/{rel}","templated":true}]}}