{"id":3,"date":"2022-04-06T01:03:42","date_gmt":"2022-04-05T23:03:42","guid":{"rendered":"http:\/\/khg.neo7.de\/?page_id=3"},"modified":"2025-09-17T10:31:17","modified_gmt":"2025-09-17T08:31:17","slug":"datenschutz","status":"publish","type":"page","link":"https:\/\/khgkoeln.de\/en\/datenschutz\/","title":{"rendered":"Datenschutzerkl\u00e4rung"},"content":{"rendered":"<h2 class=\"wp-block-heading\">Datenschutz auf einen Blick<\/h2>\n\n\n\n<p>Allgemeine Hinweise<br>Diese Datenschutzerkl\u00e4rung unterrichtet Sie gem\u00e4\u00df \u00a7 14 Gesetz \u00fcber den Kirchlichen Datenschutz (KDG) \u00fcber Art und Weise und die Hintergr\u00fcnde der Verarbeitung Ihrer personenbezogenen Daten \u00fcber diese Website und \u00fcber die Ihnen zustehenden Rechte.<br>Als katholische Einrichtung unterliegt die KHG K\u00f6ln dem Gesetz \u00fcber den Kirchlichen Datenschutz (KDG) anstelle der DSGVO.<br>Personenbezogene Daten sind alle Informationen, die sich auf eine identifizierte oder identifizierbare nat\u00fcrliche Person beziehen. Als identifizierbar wird eine nat\u00fcrliche Person angesehen, die direkt oder indirekt, insbesondere mittels Zuordnung zu einer Kennung wie einem Namen, zu einer Kennnummer, zu Standortdaten, zu einer Online-Kennung oder zu einem oder mehreren besonderen Merkmalen identifiziert werden kann, die Ausdruck der physischen, physiologischen, genetischen, psychischen, wirtschaftlichen, kulturellen oder sozialen Identit\u00e4t dieser nat\u00fcrlichen Person sind. Dies sind also nicht nur Ihr Name, Ihre E-Mail-Adresse oder\u201a Ihre Kontaktdaten, sondern z.B. auch die IP-Adresse, \u00fcber die Sie ggf. rein informatorisch unsere Website besuchen.<br>Die folgenden Hinweise geben einen einfachen \u00dcberblick dar\u00fcber, was mit Ihren personenbezogenen Daten passiert, wenn Sie unsere Website besuchen.<\/p>\n\n\n\n<h2 class=\"wp-block-heading\">1. Verantwortlicher<\/h2>\n\n\n\n<p>Verantwortliche im Sinne gem\u00e4\u00df \u00a7 4 Nr. 9 KDG sowie sonstiger datenschutzrechtlicher Bestimmungen ist:<\/p>\n\n\n\n<p>Katholische Hochschulgemeinde K\u00f6ln (KHG K\u00f6ln)<br>Berrenrather Str. 127<br>50937 K\u00f6ln<br>Telefon: 0221 476920<br>E-Mail: <a href=\"mailto:info@khgkoeln.de\">info@khgkoeln.de<\/a><\/p>\n\n\n\n<p>F\u00fcr weitergehende Informationen folgen Sie bitte dem Link zu unserem Impressum.<br>Kontaktdaten des Datenschutzbeauftragten<br>Unseren betrieblichen Datenschutzbeauftragten erreichen Sie unter der E-Mail-Adresse<br><a href=\"mailto:betrieblicher-datenschutz@erzbistum-koeln.de\">betrieblicher-datenschutz@erzbistum-koeln.de<\/a><\/p>\n\n\n\n<p><strong>Ihre Betroffenenrechte<\/strong><br>Sie haben nach dem KDG (\u00a7\u00a7 17 ff. KDG) folgende Rechte hinsichtlich der Sie betreffenden personenbezogenen Daten:<\/p>\n\n\n\n<ul class=\"wp-block-list\">\n<li>Recht auf Auskunft (\u00a7 17 KDG)<\/li>\n\n\n\n<li>Recht auf Berichtigung (\u00a7 18 KDG)<\/li>\n\n\n\n<li>Recht auf L\u00f6schung (\u00a7 19 KDG)<\/li>\n\n\n\n<li>Recht auf Einschr\u00e4nkung der Verarbeitung (\u00a7 20 KDG)<\/li>\n\n\n\n<li>Recht auf Daten\u00fcbertragbarkeit. (\u00a7 22 KDG)<\/li>\n\n\n\n<li>Recht auf Widerspruch gegen die Verarbeitung (\u00a7 23 KDG)<\/li>\n<\/ul>\n\n\n\n<p>Sie haben zudem das Recht, sich bei einer Datenschutz-Aufsichtsbeh\u00f6rde bzw. der Datenschutzaufsicht (\u00a7\u00a7 42 ff. KDG) \u00fcber die Verarbeitung Ihrer personenbezogenen Daten zu beschweren, unbeschadet eines anderweitigen Rechtsbehelfs wenn sie der Ansicht sind, dass die Verarbeitung der sie betreffenden personenbezogenen Daten gegen die Vorschriften des KDG oder gegen andere Datenschutzvorschriften verst\u00f6\u00dft.<\/p>\n\n\n\n<p><strong>Beschwerderecht bei der zust\u00e4ndigen kirchlichen Datenschutzaufsicht<\/strong><br>Zust\u00e4ndige kirchliche Datenschutzaufsicht ist das<br>Katholisches Datenschutzzentrum,<br>K\u00f6rperschaft des \u00f6ffentlichen Rechts,<br>Brackeler Hellweg 144, 44309 Dortmund<br>Tel.: 0231\/13 89 85-0<br>Fax: 0231\/13 89 85-22<br>E-Mail: info@kdsz.de<br><a href=\"https:\/\/www.katholisches-datenschutzzentrum.de\">www.katholisches-datenschutzzentrum.de<\/a><\/p>\n\n\n\n<h2 class=\"wp-block-heading\">2. Hosting und Content Delivery Networks (CDN)<\/h2>\n\n\n\n<p><strong>Externes Hosting<\/strong><\/p>\n\n\n\n<p>Diese Website wird bei einem externen Dienstleister gehostet (Hoster). Die personenbezogenen Daten, die auf dieser Website erfasst werden, werden auf den Servern des Hosters gespeichert. Hierbei kann es sich v. a. um IP-Adressen, Kontaktanfragen, Meta- und Kommunikationsdaten, Vertragsdaten, Kontaktdaten, Namen, Websitezugriffe und sonstige Daten, die \u00fcber eine Website generiert werden, handeln.<\/p>\n\n\n\n<p>Der Einsatz des Hosters erfolgt zum Zwecke der Vertragserf\u00fcllung gegen\u00fcber unseren potenziellen und bestehenden Kunden (Art. 6 Abs. 1 lit. b DSGVO) und im Interesse einer sicheren, schnellen und effizienten Bereitstellung unseres Online-Angebots durch einen professionellen Anbieter (Art. 6 Abs. 1 lit. f DSGVO).<\/p>\n\n\n\n<p>Unser Hoster wird Ihre Daten nur insoweit verarbeiten, wie dies zur Erf\u00fcllung seiner Leistungspflichten erforderlich ist und unsere Weisungen in Bezug auf diese Daten befolgen.<\/p>\n\n\n\n<p>Wir setzen folgenden Hoster ein:<\/p>\n\n\n\n<p>ALL-INKL.COM &#8211; Neue Medien M\u00fcnnich<br>Hauptstra\u00dfe 68 | D-02742 Friedersdorf<\/p>\n\n\n\n<h2 class=\"wp-block-heading\">3. Datenerfassung auf unserer Website<\/h2>\n\n\n\n<p><strong>Wie erfassen wir Ihre Daten?<\/strong><br>Ihre Daten werden zum einen dadurch erhoben, dass Sie uns diese mitteilen. Hierbei kann es sich z.B. um Daten handeln, die Sie eingeben, wenn Sie uns eine Nachricht senden. Andere Daten werden automatisch beim Besuch der Website durch unsere IT-Systeme erfasst. Das sind vor allem technische Daten (z.B. Internetbrowser, Betriebssystem oder Uhrzeit des Seitenaufrufs). Die Erfassung dieser Daten erfolgt automatisch, sobald Sie unsere Website betreten.<br>Wenn Sie Inhalte dieser Website auf anderen Online-Plattformen weiterverbreiten bzw. teilen, ist es m\u00f6glich, dass Sie hierbei Ihre Daten an den Betreiber des entsprechenden Online-Angebots zur Verf\u00fcgung stellen. Bitte beachten Sie dazu insbesondere die unten aufgef\u00fchrten Hinweise zu Social Media Seiten und Tools.<\/p>\n\n\n\n<p><strong>Server-Log-Dateien<\/strong><br>Der Provider der Seiten erhebt und speichert automatisch Informationen in so genannten Server-Log-Dateien, die Ihr Browser automatisch an uns \u00fcbermittelt. Dies sind:<\/p>\n\n\n\n<ul class=\"wp-block-list\">\n<li>Browsertyp und Browserversion<\/li>\n\n\n\n<li>verwendetes Betriebssystem<\/li>\n\n\n\n<li>Referrer URL<\/li>\n\n\n\n<li>Hostname des zugreifenden Rechners<\/li>\n\n\n\n<li>Uhrzeit der Serveranfrage<\/li>\n\n\n\n<li>IP-Adresse<\/li>\n<\/ul>\n\n\n\n<p>Diese Datenverarbeitung durch unser System dient dem Zweck, die Auslieferung der Website an den Rechner des Nutzers zu erm\u00f6glichen. Hierf\u00fcr muss die IP-Adresse des Nutzers f\u00fcr die Dauer der Sitzung gespeichert bleiben. Die Speicherung in Logfiles erfolgt zu dem Zweck, die Funktionsf\u00e4higkeit der Website sicherzustellen und zur Optimierung der Website sowie zur Sicherstellung der Sicherheit unserer informationstechnischen Systeme. Eine Auswertung dieser Daten zu Marketingzwecken findet nicht statt. Rechtsgrundlage f\u00fcr die Datenverarbeitung ist \u00a7 6 Abs. 1 lit. g KDG. Die in den Logfiles gespeicherten Daten werden nach sp\u00e4testens sieben Tagen gel\u00f6scht oder anonymisiert, sodass eine Zuordnung des aufrufenden Clients nicht mehr m\u00f6glich ist. Die Erfassung der Daten zur Bereitstellung der Website und die Speicherung der Daten in Logfiles ist f\u00fcr den Betrieb der Internetseite zwingend erforderlich.<\/p>\n\n\n\n<p><strong>Kontaktanfragen<\/strong><br>Bei Anfragen \u00fcber unser Kontaktformular oder im Rahmen unserer Ihnen zur Verf\u00fcgung gestellten E-Mailadresse verarbeiten wir die von Ihnen freiwillig zur Verf\u00fcgung gestellten personenbezogenen Daten ausschlie\u00dflich dazu, um Ihre Anfrage zu bearbeiten, zu beantworten oder uns mit Ihnen in Verbindung zu setzen. Die in diesem Zusammenhang anfallenden Daten werden nach abschlie\u00dfender Beantwortung gel\u00f6scht, sollten nicht gesetzliche oder sonstige Aufbewahrungspflichten bestehen. Rechtsgrundlage f\u00fcr diese Verarbeitung Ihrer personenbezogenen Daten ist die Einwilligung gem. \u00a7 6 Abs. 1 lit. b KDG.<\/p>\n\n\n\n<p><strong>Cookies<\/strong><br>Die Internetseiten verwenden teilweise so genannte Cookies. Cookies dienen dazu, unser Angebot nutzerfreundlicher, effektiver und sicherer zu machen.<br>Ein Cookie ist ein kleiner Datensatz, der auf Ihrem Endger\u00e4t gespeichert wird und Daten wie z. B. pers\u00f6nliche Seiteneinstellungen und Anmeldeinformationen enth\u00e4lt. Dieser Datensatz wird von dem Webserver, mit dem Sie \u00fcber Ihren Webbrowser eine Verbindung aufgebaut haben, erzeugt und an Sie gesendet.<\/p>\n\n\n\n<p>Nachfolgend sind die gebr\u00e4uchlichsten Arten von Cookies zu Ihrem Verst\u00e4ndnis erkl\u00e4rt:<\/p>\n\n\n\n<ul class=\"wp-block-list\">\n<li>Sitzungs-Cookies: W\u00e4hrend Sie auf einer Webseite aktiv sind, wird tempor\u00e4r ein Sitzungs-Cookie im Speicher Ihres Computers abgelegt, in dem eine Sitzungskennung gespeichert wird, um z. B. bei jedem Seitenwechsel zu verhindern, dass Sie sich erneut anmelden m\u00fcssen. Sitzungs-Cookies werden bei der Abmeldung gel\u00f6scht oder verlieren ihre G\u00fcltigkeit, sobald ihre Sitzung automatisch abgelaufen ist.<\/li>\n\n\n\n<li>Permanente oder Protokoll-Cookies: Ein permanenter oder Protokoll-Cookie speichert eine Datei \u00fcber den im Ablaufdatum vorgesehenen Zeitraum auf Ihrem Computer. Durch diese Cookies erinnern sich Websites bei Ihrem n\u00e4chsten Besuch an Ihre Informationen und Einstellungen. Das f\u00fchrt zu einem schnelleren und bequemeren Zugriff, da Sie z. B. nicht erneut ihre Spracheinstellung vornehmen m\u00fcssen. Mit Verstreichen des Ablaufdatums wird der Cookie automatisch gel\u00f6scht, wenn Sie die Webseite besuchen, die diesen erzeugt hat.<\/li>\n\n\n\n<li>Drittanbieter-Cookies: Drittanbieter-Cookies stammen von anderen Anbietern als dem Betreiber der Webseite. Sie k\u00f6nnen beispielsweise zum Sammeln von Informationen f\u00fcr Werbung, benutzerdefinierte Inhalte und Web-Statistiken verwendet werden.<\/li>\n<\/ul>\n\n\n\n<p>Die von uns verwendeten Cookies sind so genannte \u201cPermanente -Cookies\u201d. Sie haben einen G\u00fcltigkeitszeitraum nach dem diese automatisch gel\u00f6scht werden. Diese Coockies k\u00f6nnen Sie auch jederzeit selbst \u00fcber Ihren Browser l\u00f6schen. Diese Cookies erm\u00f6glichen es uns, Ihren Browser beim n\u00e4chsten Besuch wiederzuerkennen und die von Ihnen gew\u00e4hlte Einstellung in den Coockie-Richtlinien abzufragen.<br>Die Bereitstellung dieser technisch notwendigen Cookies erfolgt auf Grundlage von \u00a7 6 Abs. 1 lit. g KDG. Sofern dar\u00fcber hinaus weitere nicht technisch notwendige Cookies genutzt werden, so erfolgt das nur nach Erteilung einer entsprechenden Einwilligung nach \u00a7 6 Abs. 1 lit. a KDG.<\/p>\n\n\n\n<p>We use the following types of cookies:<\/p>\n\n\n\n<ul class=\"wp-block-list\">\n<li><strong>Functional cookies:<\/strong> These cookies are necessary to provide you with the services available through our Services and to enable you to use certain features of our Services. Without these cookies, we cannot provide you with certain services in our services.<\/li>\n\n\n\n<li><strong>Statistics cookies:<\/strong> These cookies are used to collect information and analyze traffic to our Services and how visitors use our Services. For example, these cookies may record how long you spend on the Services or which pages you visit, which helps us to understand how we can improve our Services for you. The information collected by these tracking and performance cookies cannot be traced back to individual visitors.<\/li>\n<\/ul>\n\n\n\n<h2 class=\"wp-block-heading\">4. Allgemeine Hinweise und Pflichtinformationen<\/h2>\n\n\n\n<p>Wir nehmen den Schutz Ihrer pers\u00f6nlichen Daten sehr ernst. Wir behandeln Ihre personenbezogenen Daten vertraulich und entsprechend der gesetzlichen Datenschutzvorschriften sowie dieser Datenschutzerkl\u00e4rung.<br>Wir weisen darauf hin, dass die Daten\u00fcbertragung im Internet (z.B. bei der Kommunikation per E-Mail) Sicherheitsl\u00fccken aufweisen kann. Ein l\u00fcckenloser Schutz der Daten vor dem Zugriff durch Dritte ist nicht m\u00f6glich.<\/p>\n\n\n\n<p><strong>SSL- bzw. TLS-Verschl\u00fcsselung<\/strong><br>Diese Seite nutzt aus Sicherheitsgr\u00fcnden und zum Schutz der \u00dcbertragung vertraulicher Inhalte, wie zum Beispiel Bestellungen oder Anfragen, die Sie an uns als Seitenbetreiber senden, eine SSL-bzw. TLS-Verschl\u00fcsselung. Eine verschl\u00fcsselte Verbindung erkennen Sie daran, dass die Adresszeile des Browsers von \u201chttp:\/\/\u201d auf \u201chttps:\/\/\u201d wechselt bzw. an dem Schloss-Symbol in Ihrer Browserzeile.<br>Wenn die SSL- bzw. TLS-Verschl\u00fcsselung aktiviert ist, k\u00f6nnen die Daten, die Sie an uns \u00fcbermitteln, nicht von Dritten mitgelesen werden.<\/p>\n\n\n\n<p><strong>Widerruf der Einwilligung<\/strong><br>Viele Datenverarbeitungsvorg\u00e4nge sind nur mit Ihrer ausdr\u00fccklichen Einwilligung m\u00f6glich. Sie k\u00f6nnen eine bereits erteilte Einwilligung jederzeit widerrufen. Dazu reicht eine formlose Mitteilung per E-Mail an uns, an unsere im Impressum angegebene Mailadresse.<br>Die Rechtm\u00e4\u00dfigkeit der bis zum Widerruf erfolgten Datenverarbeitung bleibt vom Widerruf unber\u00fchrt.<\/p>\n\n\n\n<p><strong>Widerspruchsrecht gegen die Datenerhebung in besonderen F\u00e4llen sowie gegen Direktwerbung (Art. 21 DSGVO)<\/strong><\/p>\n\n\n\n<p>Wenn die Datenverarbeitung auf Grundlage von Art. 6 Abs. 1 Lit. E oder F DSGVO erfolgt, haben sie jederzeit das Recht, aus Gr\u00fcnden, die sich aus ihrer besonderen Situation ergeben, gegen die Verarbeitung ihrer personenbezogenen Daten Widerspruch einzulegen; dies gilt auch f\u00fcr ein auf diese Bestimmungen gest\u00fctztes Profiling. Die jeweilige Rechtsgrundlage, auf denen eine Verarbeitung beruht, entnehmen sie dieser Datenschutzerkl\u00e4rung. Wenn sie Widerspruch einlegen, werden wir ihre betroffenen personenbezogenen Daten nicht mehr verarbeiten, es sei denn, wir k\u00f6nnen zwingende schutzw\u00fcrdige Gr\u00fcnde f\u00fcr die Verarbeitung nachweisen, die ihre Interessen, Rechte und Freiheiten \u00fcberwiegen oder die Verarbeitung dient der Geltendmachung, Aus\u00fcbung oder Verteidigung von Rechtsanspr\u00fcchen (Widerspruch nach Art. 21 Abs. 1 DSGVO).<\/p>\n\n\n\n<p>Werden ihre personenbezogenen Daten verarbeitet, um Direktwerbung zu betreiben, so haben sie das Recht, jederzeit Widerspruch gegen die Verarbeitung sie betreffender personenbezogener Daten zum Zwecke derartiger Werbung einzulegen; dies gilt auch f\u00fcr das Profiling, soweit es mit solcher Direktwerbung in Verbindung steht. Wenn sie widersprechen, werden ihre personenbezogenen Daten anschliessend nicht mehr zum Zwecke der Direktwerbung verwendet (Widerspruch nach Art. 21 Abs. 2 DSGVO).<\/p>\n\n\n\n<h2 class=\"wp-block-heading\">5. Verwendung von Vimeo-Videos auf unserer Website<\/h2>\n\n\n\n<p>Unsere Website nutzt Videos der Plattform Vimeo, betrieben von Vimeo Inc., 555 West 18th Street, New York, New York 10011, USA. Um den Datenschutz zu gew\u00e4hrleisten, werden Vimeo-Videos auf unserer Website erst nach Ihrer ausdr\u00fccklichen Zustimmung geladen. Dies erfolgt durch eine sogenannte Zwei-Klick-L\u00f6sung oder einen entsprechenden Hinweis mit Einwilligungsoption.<\/p>\n\n\n\n<p><strong>Zweck und Rechtsgrundlage der Datenverarbeitung<\/strong><\/p>\n\n\n\n<p>Die Einbettung von Vimeo-Videos dient der ansprechenden Darstellung und Erkl\u00e4rung unserer Inhalte. Rechtsgrundlage f\u00fcr die Verarbeitung Ihrer personenbezogenen Daten ist Ihre Einwilligung gem\u00e4\u00df Art. 6 Abs. 1 lit. a DSGVO.<\/p>\n\n\n\n<p><strong>Art der erhobenen Daten<\/strong><\/p>\n\n\n\n<p>Beim Abspielen eines eingebetteten Vimeo-Videos k\u00f6nnen personenbezogene Daten wie Ihre IP-Adresse und Informationen \u00fcber Ihr Nutzerverhalten an Vimeo \u00fcbermittelt werden. Vimeo kann diese Daten in den USA verarbeiten. Wir haben den Einbettungscode so angepasst (z. B. durch den Parameter&nbsp;<code>dnt=1<\/code>), dass Tracking durch Vimeo soweit wie m\u00f6glich eingeschr\u00e4nkt wird.<\/p>\n\n\n\n<p><strong>Daten\u00fcbermittlung in Drittstaaten<\/strong><\/p>\n\n\n\n<p>Da Vimeo ein Unternehmen mit Sitz in den USA ist, k\u00f6nnen Ihre Daten in ein Land au\u00dferhalb des Geltungsbereichs der DSGVO \u00fcbermittelt werden. Bitte beachten Sie, dass in den USA m\u00f6glicherweise kein mit der EU vergleichbares Datenschutzniveau besteht.<\/p>\n\n\n\n<p><strong>Speicherdauer<\/strong><\/p>\n\n\n\n<p>Die Speicherdauer Ihrer Daten richtet sich nach den Vorgaben von Vimeo. Weitere Informationen finden Sie in der Datenschutzerkl\u00e4rung von Vimeo unter&nbsp;<a target=\"_blank\" rel=\"noreferrer noopener\" href=\"https:\/\/vimeo.com\/privacy\">https:\/\/vimeo.com\/privacy<\/a>.<\/p>\n\n\n\n<h2 class=\"wp-block-heading\">6. Verwendung von YouTube-Videos auf&nbsp;unserer Website<\/h2>\n\n\n\n<p>Unsere Website nutzt Videos der Plattform YouTube, betrieben von&nbsp;Google Ireland Limited, Gordon House, Barrow Street, Dublin 4, Irland. Um Ihre&nbsp;Privatsph\u00e4re zu&nbsp;sch\u00fctzen, werden YouTube-Videos auf&nbsp;unserer Website erst nach&nbsp;Ihrer ausdr\u00fccklichen Zustimmung geladen. Dies&nbsp;erfolgt \u00fcber&nbsp;ein Cookie-Consent-Tool oder&nbsp;eine \u00e4hnliche Einwilligungsl\u00f6sung.<\/p>\n\n\n\n<p><strong>Zweck&nbsp;und Rechtsgrundlage der&nbsp;Datenverarbeitung<\/strong><\/p>\n\n\n\n<p>Die&nbsp;Einbettung der&nbsp;Videos dient der&nbsp;Bereitstellung informativer und multimedialer Inhalte. Rechtsgrundlage f\u00fcr&nbsp;die Verarbeitung Ihrer personenbezogenen Daten ist Ihre Einwilligung gem\u00e4\u00df Art. 6 Abs.&nbsp;1 lit. a DSGVO.<\/p>\n\n\n\n<p><strong>Art der&nbsp;erhobenen Daten<\/strong><\/p>\n\n\n\n<p>Beim Abspielen eines eingebetteten YouTube-Videos k\u00f6nnen personenbezogene Daten wie Ihre IP-Adresse sowie Informationen \u00fcber&nbsp;Ihr Nutzerverhalten an&nbsp;YouTube (Google) \u00fcbermittelt werden. Dies&nbsp;geschieht auch, wenn Videos im&nbsp;sogenannten \u201eerweiterten Datenschutzmodus\u201c eingebettet sind. In&nbsp;diesem Modus werden weniger Daten \u00fcbertragen, jedoch erfolgt weiterhin eine Verbindung zu den&nbsp;Servern von Google.<\/p>\n\n\n\n<p><strong>Daten\u00fcbermittlung in&nbsp;Drittstaaten<\/strong><\/p>\n\n\n\n<p>YouTube (Google) kann Ihre Daten in die USA \u00fcbertragen. Bitte beachten Sie, dass&nbsp;in den USA kein&nbsp;mit der EU vergleichbares Datenschutzniveau besteht. Wir haben keinen Einfluss auf die Verarbeitung dieser Daten durch YouTube.<\/p>\n\n\n\n<p><strong>Speicherdauer<\/strong><\/p>\n\n\n\n<p>Die Speicherdauer Ihrer Daten richtet sich&nbsp;nach den Vorgaben von YouTube bzw. Google. Weitere Informationen hierzu finden Sie&nbsp;in der Datenschutzerkl\u00e4rung von Google unter&nbsp;<a target=\"_blank\" rel=\"noreferrer noopener\" href=\"https:\/\/policies.google.com\/privacy.%E2%80%8B\">https:\/\/policies.google.com\/privacy.<\/a><\/p>","protected":false},"excerpt":{"rendered":"<p>Datenschutz auf einen Blick Allgemeine HinweiseDiese Datenschutzerkl\u00e4rung unterrichtet Sie gem\u00e4\u00df \u00a7 14 Gesetz \u00fcber den Kirchlichen Datenschutz (KDG) \u00fcber Art und Weise und die Hintergr\u00fcnde&hellip;<\/p>","protected":false},"author":1,"featured_media":0,"parent":0,"menu_order":8,"comment_status":"closed","ping_status":"open","template":"","meta":{"ngg_post_thumbnail":0,"footnotes":""},"class_list":["post-3","page","type-page","status-publish","hentry"],"_links":{"self":[{"href":"https:\/\/khgkoeln.de\/en\/wp-json\/wp\/v2\/pages\/3","targetHints":{"allow":["GET"]}}],"collection":[{"href":"https:\/\/khgkoeln.de\/en\/wp-json\/wp\/v2\/pages"}],"about":[{"href":"https:\/\/khgkoeln.de\/en\/wp-json\/wp\/v2\/types\/page"}],"author":[{"embeddable":true,"href":"https:\/\/khgkoeln.de\/en\/wp-json\/wp\/v2\/users\/1"}],"replies":[{"embeddable":true,"href":"https:\/\/khgkoeln.de\/en\/wp-json\/wp\/v2\/comments?post=3"}],"version-history":[{"count":10,"href":"https:\/\/khgkoeln.de\/en\/wp-json\/wp\/v2\/pages\/3\/revisions"}],"predecessor-version":[{"id":6784,"href":"https:\/\/khgkoeln.de\/en\/wp-json\/wp\/v2\/pages\/3\/revisions\/6784"}],"wp:attachment":[{"href":"https:\/\/khgkoeln.de\/en\/wp-json\/wp\/v2\/media?parent=3"}],"curies":[{"name":"wp","href":"https:\/\/api.w.org\/{rel}","templated":true}]}}