{"id":5443,"date":"2024-04-02T16:28:24","date_gmt":"2024-04-02T14:28:24","guid":{"rendered":"https:\/\/khgkoeln.de\/?page_id=5443"},"modified":"2024-04-03T00:49:07","modified_gmt":"2024-04-02T22:49:07","slug":"spiritualitaet","status":"publish","type":"page","link":"https:\/\/khgkoeln.de\/en\/spiritualitaet\/","title":{"rendered":"Spirituality"},"content":{"rendered":"<div class=\"wp-block-query is-layout-flow wp-block-query-is-layout-flow\"><ul class=\"wp-block-post-template is-layout-flow wp-block-post-template-is-layout-flow\"><li class=\"wp-block-post post-6916 post type-post status-publish format-standard has-post-thumbnail hentry category-special-events category-beitrag category-spiritualitaet\">\n\n<div class=\"wp-block-columns alignwide blocklist helltuerkis is-layout-flex wp-container-core-columns-is-layout-9d6595d7 wp-block-columns-is-layout-flex\">\n<div class=\"wp-block-column is-layout-flow wp-block-column-is-layout-flow\" style=\"flex-basis:75%\"><h2 class=\"wp-block-post-title\"><a href=\"https:\/\/khgkoeln.de\/en\/abendessen-bibeledition-2\/\" target=\"_self\" >Evening Meal \"Bible Edition\"<\/a><\/h2>\n\n<div class=\"wp-block-post-excerpt\"><p class=\"wp-block-post-excerpt__excerpt\">Thu, 23 April: Eating dinner together - listening to each other. Read a piece from the Bible and share thoughts about it.<\/p><p class=\"wp-block-post-excerpt__more-text\"><a class=\"wp-block-post-excerpt__more-link\" href=\"https:\/\/khgkoeln.de\/en\/abendessen-bibeledition-2\/\"><br>&gt; Weiterlesen<\/a><\/p><\/div><\/div>\n<\/div>\n\n<\/li><li class=\"wp-block-post post-6272 post type-post status-publish format-standard has-post-thumbnail hentry category-beitrag category-spiritualitaet\">\n\n<div class=\"wp-block-columns alignwide blocklist helltuerkis is-layout-flex wp-container-core-columns-is-layout-9d6595d7 wp-block-columns-is-layout-flex\">\n<div class=\"wp-block-column is-layout-flow wp-block-column-is-layout-flow\" style=\"flex-basis:75%\"><h2 class=\"wp-block-post-title\"><a href=\"https:\/\/khgkoeln.de\/en\/glaube-im-gespraech\/\" target=\"_self\" >Glaube im Gespr\u00e4ch<\/a><\/h2>\n\n<div class=\"wp-block-post-excerpt\"><p class=\"wp-block-post-excerpt__excerpt\">Wir begleiten&nbsp;junge Menschen zwischen 16 und 30 Jahren&nbsp;auf ihrem Weg zur Kirche: beim Wieder- oder Neueintritt, in der Tauf- oder Firmvorbereitung, bei Glaubenskursen oder pers\u00f6nlicher<\/p><p class=\"wp-block-post-excerpt__more-text\"><a class=\"wp-block-post-excerpt__more-link\" href=\"https:\/\/khgkoeln.de\/en\/glaube-im-gespraech\/\"><br>&gt; Weiterlesen<\/a><\/p><\/div><\/div>\n<\/div>\n\n<\/li><li class=\"wp-block-post post-2989 post type-post status-publish format-standard has-post-thumbnail hentry category-beitrag category-spiritualitaet\">\n\n<div class=\"wp-block-columns alignwide blocklist helltuerkis is-layout-flex wp-container-core-columns-is-layout-9d6595d7 wp-block-columns-is-layout-flex\">\n<div class=\"wp-block-column is-layout-flow wp-block-column-is-layout-flow\" style=\"flex-basis:75%\"><h2 class=\"wp-block-post-title\"><a href=\"https:\/\/khgkoeln.de\/en\/nacht-der-lichter\/\" target=\"_self\" >Night of Lights<\/a><\/h2>\n\n<div class=\"wp-block-post-excerpt\"><p class=\"wp-block-post-excerpt__excerpt\">Am SO 1. NOV. findet die Nacht der Lichter statt. Es ist das gr\u00f6\u00dfte Taiz\u00e9gebet im Erzbistum K\u00f6ln, an dem hunderte junge Menschen teilnehmen.<\/p><p class=\"wp-block-post-excerpt__more-text\"><a class=\"wp-block-post-excerpt__more-link\" href=\"https:\/\/khgkoeln.de\/en\/nacht-der-lichter\/\"><br>&gt; Weiterlesen<\/a><\/p><\/div><\/div>\n<\/div>\n\n<\/li><li class=\"wp-block-post post-3718 post type-post status-publish format-standard has-post-thumbnail hentry category-beitrag category-spiritualitaet\">\n\n<div class=\"wp-block-columns alignwide blocklist helltuerkis is-layout-flex wp-container-core-columns-is-layout-9d6595d7 wp-block-columns-is-layout-flex\">\n<div class=\"wp-block-column is-layout-flow wp-block-column-is-layout-flow\" style=\"flex-basis:75%\"><h2 class=\"wp-block-post-title\"><a href=\"https:\/\/khgkoeln.de\/en\/eucharistie\/\" target=\"_self\" >Eucharist<\/a><\/h2>\n\n<div class=\"wp-block-post-excerpt\"><p class=\"wp-block-post-excerpt__excerpt\">Die Eucharistie: Unsere Quelle f\u00fcr Alltag und Leben Und dies wollen wir gemeinsam mit euch feiern. Dienstag Mittag in kompakter und ruhigerer Form, ein Innehalten<\/p><p class=\"wp-block-post-excerpt__more-text\"><a class=\"wp-block-post-excerpt__more-link\" href=\"https:\/\/khgkoeln.de\/en\/eucharistie\/\"><br>&gt; Weiterlesen<\/a><\/p><\/div><\/div>\n<\/div>\n\n<\/li><li class=\"wp-block-post post-1147 post type-post status-publish format-standard has-post-thumbnail hentry category-spiritualitaet category-beitrag\">\n\n<div class=\"wp-block-columns alignwide blocklist helltuerkis is-layout-flex wp-container-core-columns-is-layout-9d6595d7 wp-block-columns-is-layout-flex\">\n<div class=\"wp-block-column is-layout-flow wp-block-column-is-layout-flow\" style=\"flex-basis:75%\"><h2 class=\"wp-block-post-title\"><a href=\"https:\/\/khgkoeln.de\/en\/individuelle-geistliche-begleitung\/\" target=\"_self\" >Individual spiritual assistance<\/a><\/h2>\n\n<div class=\"wp-block-post-excerpt\"><p class=\"wp-block-post-excerpt__excerpt\">Grunds\u00e4tzlich kann alles, was im Leben geschieht, in der Geistlichen Begleitung zur Sprache kommen. Geistliche Begleitung will helfen, das ganz konkrete eigene Leben vertieft wahrzunehmen<\/p><p class=\"wp-block-post-excerpt__more-text\"><a class=\"wp-block-post-excerpt__more-link\" href=\"https:\/\/khgkoeln.de\/en\/individuelle-geistliche-begleitung\/\"><br>&gt; Weiterlesen<\/a><\/p><\/div><\/div>\n<\/div>\n\n<\/li><li class=\"wp-block-post post-1151 post type-post status-publish format-standard has-post-thumbnail hentry category-beitrag category-spiritualitaet\">\n\n<div class=\"wp-block-columns alignwide blocklist helltuerkis is-layout-flex wp-container-core-columns-is-layout-9d6595d7 wp-block-columns-is-layout-flex\">\n<div class=\"wp-block-column is-layout-flow wp-block-column-is-layout-flow\" style=\"flex-basis:75%\"><h2 class=\"wp-block-post-title\"><a href=\"https:\/\/khgkoeln.de\/en\/meditation\/\" target=\"_self\" >Meditation<\/a><\/h2>\n\n<div class=\"wp-block-post-excerpt\"><p class=\"wp-block-post-excerpt__excerpt\">Achtsam, gelassen und liebevoll wahrnehmen, was ich von mir merke: von meinem K\u00f6rper, meinen Gef\u00fchlen, meinem Geist. Mich entspannen in die wahrgenommene Wirklichkeit hinein und<\/p><p class=\"wp-block-post-excerpt__more-text\"><a class=\"wp-block-post-excerpt__more-link\" href=\"https:\/\/khgkoeln.de\/en\/meditation\/\"><br>&gt; Weiterlesen<\/a><\/p><\/div><\/div>\n<\/div>\n\n<\/li><\/ul><\/div>\n\n\n\n<h2 class=\"wp-block-heading\">Spiritual offers<\/h2>\n\n\n\n<div class=\"wp-block-query is-layout-flow wp-block-query-is-layout-flow\"><\/div>","protected":false},"excerpt":{"rendered":"<p>Spiritual offers<\/p>","protected":false},"author":1,"featured_media":0,"parent":0,"menu_order":2,"comment_status":"closed","ping_status":"closed","template":"","meta":{"ngg_post_thumbnail":0,"footnotes":""},"class_list":["post-5443","page","type-page","status-publish","hentry"],"_links":{"self":[{"href":"https:\/\/khgkoeln.de\/en\/wp-json\/wp\/v2\/pages\/5443","targetHints":{"allow":["GET"]}}],"collection":[{"href":"https:\/\/khgkoeln.de\/en\/wp-json\/wp\/v2\/pages"}],"about":[{"href":"https:\/\/khgkoeln.de\/en\/wp-json\/wp\/v2\/types\/page"}],"author":[{"embeddable":true,"href":"https:\/\/khgkoeln.de\/en\/wp-json\/wp\/v2\/users\/1"}],"replies":[{"embeddable":true,"href":"https:\/\/khgkoeln.de\/en\/wp-json\/wp\/v2\/comments?post=5443"}],"version-history":[{"count":9,"href":"https:\/\/khgkoeln.de\/en\/wp-json\/wp\/v2\/pages\/5443\/revisions"}],"predecessor-version":[{"id":5473,"href":"https:\/\/khgkoeln.de\/en\/wp-json\/wp\/v2\/pages\/5443\/revisions\/5473"}],"wp:attachment":[{"href":"https:\/\/khgkoeln.de\/en\/wp-json\/wp\/v2\/media?parent=5443"}],"curies":[{"name":"wp","href":"https:\/\/api.w.org\/{rel}","templated":true}]}}