{"id":5474,"date":"2024-04-02T17:49:37","date_gmt":"2024-04-02T15:49:37","guid":{"rendered":"https:\/\/khgkoeln.de\/?page_id=5474"},"modified":"2024-04-08T17:52:33","modified_gmt":"2024-04-08T15:52:33","slug":"raum-fuer-begegnung","status":"publish","type":"page","link":"https:\/\/khgkoeln.de\/en\/raum-fuer-begegnung\/","title":{"rendered":"Room for Encounters"},"content":{"rendered":"<div class=\"wp-block-query is-layout-flow wp-block-query-is-layout-flow\"><ul class=\"wp-block-post-template is-layout-flow wp-block-post-template-is-layout-flow\"><li class=\"wp-block-post post-7265 post type-post status-publish format-standard has-post-thumbnail hentry category-beitrag category-raum-fuer-begegnung category-special-events\">\n\n<div class=\"wp-block-columns alignwide blocklist helltuerkis is-layout-flex wp-container-core-columns-is-layout-9d6595d7 wp-block-columns-is-layout-flex\">\n<div class=\"wp-block-column is-layout-flow wp-block-column-is-layout-flow\" style=\"flex-basis:75%\"><h2 class=\"wp-block-post-title\"><a href=\"https:\/\/khgkoeln.de\/en\/open-mic-night\/\" target=\"_self\" >Open MIC Night<\/a><\/h2>\n\n<div class=\"wp-block-post-excerpt\"><p class=\"wp-block-post-excerpt__excerpt\">Thu, 23 April: Express your creativity at our Open Mic Night in collaboration with Euniwell.<\/p><p class=\"wp-block-post-excerpt__more-text\"><a class=\"wp-block-post-excerpt__more-link\" href=\"https:\/\/khgkoeln.de\/en\/open-mic-night\/\"><br>&gt; Weiterlesen<\/a><\/p><\/div><\/div>\n<\/div>\n\n<\/li><li class=\"wp-block-post post-3799 post type-post status-publish format-standard has-post-thumbnail hentry category-beitrag category-raum-fuer-begegnung\">\n\n<div class=\"wp-block-columns alignwide blocklist helltuerkis is-layout-flex wp-container-core-columns-is-layout-9d6595d7 wp-block-columns-is-layout-flex\">\n<div class=\"wp-block-column is-layout-flow wp-block-column-is-layout-flow\" style=\"flex-basis:75%\"><h2 class=\"wp-block-post-title\"><a href=\"https:\/\/khgkoeln.de\/en\/crux-kirche\/\" target=\"_self\" >CRUX Kirche<\/a><\/h2>\n\n<div class=\"wp-block-post-excerpt\"><p class=\"wp-block-post-excerpt__excerpt\">Der Schiefe Turm von K\u00f6ln Seitdem der Kirchturm der Kirche CRUX-Kirche St. Johann Baptist im September 2004 durch den U-Bahnbau kippte, war er bekannt als<\/p><p class=\"wp-block-post-excerpt__more-text\"><a class=\"wp-block-post-excerpt__more-link\" href=\"https:\/\/khgkoeln.de\/en\/crux-kirche\/\"><br>&gt; Weiterlesen<\/a><\/p><\/div><\/div>\n<\/div>\n\n<\/li><li class=\"wp-block-post post-1794 post type-post status-publish format-standard has-post-thumbnail hentry category-beitrag category-raum-fuer-begegnung\">\n\n<div class=\"wp-block-columns alignwide blocklist helltuerkis is-layout-flex wp-container-core-columns-is-layout-9d6595d7 wp-block-columns-is-layout-flex\">\n<div class=\"wp-block-column is-layout-flow wp-block-column-is-layout-flow\" style=\"flex-basis:75%\"><h2 class=\"wp-block-post-title\"><a href=\"https:\/\/khgkoeln.de\/en\/khg-kirche\/\" target=\"_self\" >KHG Kirche<\/a><\/h2>\n\n<div class=\"wp-block-post-excerpt\"><p class=\"wp-block-post-excerpt__excerpt\">Kirche Hl. Johannes XXIII. Eine begehbare Beton\u2013Freiplastik. Die Kirche der Katholischen Hochschulgemeinde in der Berrenrather Stra\u00dfe, K\u00f6ln-S\u00fclz, ist nicht auf den ersten Blick als solche<\/p><p class=\"wp-block-post-excerpt__more-text\"><a class=\"wp-block-post-excerpt__more-link\" href=\"https:\/\/khgkoeln.de\/en\/khg-kirche\/\"><br>&gt; Weiterlesen<\/a><\/p><\/div><\/div>\n<\/div>\n\n<\/li><\/ul><\/div>\n\n\n\n<h2 class=\"wp-block-heading\">Sports activities<\/h2>\n\n\n\n<div class=\"wp-block-query is-layout-flow wp-block-query-is-layout-flow\"><ul class=\"wp-block-post-template is-layout-flow wp-block-post-template-is-layout-flow\"><li class=\"wp-block-post post-7337 post type-post status-publish format-standard has-post-thumbnail hentry category-beitrag category-sportangebote\">\n\n<div class=\"wp-block-columns alignwide blocklist hellblau is-layout-flex wp-container-core-columns-is-layout-9d6595d7 wp-block-columns-is-layout-flex\">\n<div class=\"wp-block-column is-layout-flow wp-block-column-is-layout-flow\" style=\"flex-basis:75%\"><h2 class=\"wp-block-post-title\"><a href=\"https:\/\/khgkoeln.de\/en\/sport-spirit-primal-moves\/\" target=\"_self\" >Sport &amp; Spirit &#8211; Primal Moves<\/a><\/h2>\n\n<div class=\"wp-block-post-excerpt\"><p class=\"wp-block-post-excerpt__excerpt\">On Tue, 28 Oct, Primal Moves starts, a new fitness class to improve strength, mobility, and coordination.<\/p><p class=\"wp-block-post-excerpt__more-text\"><a class=\"wp-block-post-excerpt__more-link\" href=\"https:\/\/khgkoeln.de\/en\/sport-spirit-primal-moves\/\"><br>&gt; Weiterlesen<\/a><\/p><\/div><\/div>\n<\/div>\n\n<\/li><li class=\"wp-block-post post-7302 post type-post status-publish format-standard has-post-thumbnail hentry category-beitrag category-sportangebote\">\n\n<div class=\"wp-block-columns alignwide blocklist hellblau is-layout-flex wp-container-core-columns-is-layout-9d6595d7 wp-block-columns-is-layout-flex\">\n<div class=\"wp-block-column is-layout-flow wp-block-column-is-layout-flow\" style=\"flex-basis:75%\"><h2 class=\"wp-block-post-title\"><a href=\"https:\/\/khgkoeln.de\/en\/theatre-workshop-2\/\" target=\"_self\" >Theatre Workshops and Classes<\/a><\/h2>\n\n<div class=\"wp-block-post-excerpt\"><p class=\"wp-block-post-excerpt__excerpt\">MON, OCT 20: Improvisation, Voice &amp; Stage Presence \u2013 a creative space for anyone eager to experiment and discover their potential. INFO EVENING &amp; REGISTRATION<\/p><p class=\"wp-block-post-excerpt__more-text\"><a class=\"wp-block-post-excerpt__more-link\" href=\"https:\/\/khgkoeln.de\/en\/theatre-workshop-2\/\"><br>&gt; Weiterlesen<\/a><\/p><\/div><\/div>\n<\/div>\n\n<\/li><li class=\"wp-block-post post-5368 post type-post status-publish format-standard has-post-thumbnail hentry category-beitrag category-sportangebote\">\n\n<div class=\"wp-block-columns alignwide blocklist hellblau is-layout-flex wp-container-core-columns-is-layout-9d6595d7 wp-block-columns-is-layout-flex\">\n<div class=\"wp-block-column is-layout-flow wp-block-column-is-layout-flow\" style=\"flex-basis:75%\"><h2 class=\"wp-block-post-title\"><a href=\"https:\/\/khgkoeln.de\/en\/sport-spirit-3-2\/\" target=\"_self\" >Sport &#038; Spirit &#8211; AcroYoga<\/a><\/h2>\n\n<div class=\"wp-block-post-excerpt\"><p class=\"wp-block-post-excerpt__excerpt\">Freies Training Akroyoga Wir treffen uns jeden Dienstag zwischen 18.30-20.30 Uhr zum freien Training in der KHG Sporthalle. Das hei\u00dft es gibt keine Kursleiter*innen und<\/p><p class=\"wp-block-post-excerpt__more-text\"><a class=\"wp-block-post-excerpt__more-link\" href=\"https:\/\/khgkoeln.de\/en\/sport-spirit-3-2\/\"><br>&gt; Weiterlesen<\/a><\/p><\/div><\/div>\n<\/div>\n\n<\/li><li class=\"wp-block-post post-2542 post type-post status-publish format-standard has-post-thumbnail hentry category-beitrag category-sportangebote\">\n\n<div class=\"wp-block-columns alignwide blocklist hellblau is-layout-flex wp-container-core-columns-is-layout-9d6595d7 wp-block-columns-is-layout-flex\">\n<div class=\"wp-block-column is-layout-flow wp-block-column-is-layout-flow\" style=\"flex-basis:75%\"><h2 class=\"wp-block-post-title\"><a href=\"https:\/\/khgkoeln.de\/en\/tanzkurse\/\" target=\"_self\" >Dance courses<\/a><\/h2>\n\n<div class=\"wp-block-post-excerpt\"><p class=\"wp-block-post-excerpt__excerpt\">In Kooperation mit dem Hochschulsport bieten wir jeden Dienstag und Donnerstag Abend folgende Tanzkurse in unserer Aula an: Bachata Kizomba Salsa Discofox<\/p><p class=\"wp-block-post-excerpt__more-text\"><a class=\"wp-block-post-excerpt__more-link\" href=\"https:\/\/khgkoeln.de\/en\/tanzkurse\/\"><br>&gt; Weiterlesen<\/a><\/p><\/div><\/div>\n<\/div>\n\n<\/li><li class=\"wp-block-post post-4362 post type-post status-publish format-standard has-post-thumbnail hentry category-beitrag category-sportangebote\">\n\n<div class=\"wp-block-columns alignwide blocklist hellblau is-layout-flex wp-container-core-columns-is-layout-9d6595d7 wp-block-columns-is-layout-flex\">\n<div class=\"wp-block-column is-layout-flow wp-block-column-is-layout-flow\" style=\"flex-basis:75%\"><h2 class=\"wp-block-post-title\"><a href=\"https:\/\/khgkoeln.de\/en\/sport-spirit-2\/\" target=\"_self\" >Sport &#038; Spirit &#8211; Badminton<\/a><\/h2>\n\n<div class=\"wp-block-post-excerpt\"><p class=\"wp-block-post-excerpt__excerpt\">Sport als Spiegel unserer Gesellschaft?! Nun da kommt es doch ganz darauf an, wer hineinblickt! Hast du Lust auf ein Sportangebot, dass sich nach dir<\/p><p class=\"wp-block-post-excerpt__more-text\"><a class=\"wp-block-post-excerpt__more-link\" href=\"https:\/\/khgkoeln.de\/en\/sport-spirit-2\/\"><br>&gt; Weiterlesen<\/a><\/p><\/div><\/div>\n<\/div>\n\n<\/li><\/ul><\/div>\n\n\n\n<h2 class=\"wp-block-heading\">Excursions<\/h2>\n\n\n\n<div class=\"wp-block-query is-layout-flow wp-block-query-is-layout-flow\"><ul class=\"wp-block-post-template is-layout-flow wp-block-post-template-is-layout-flow\"><li class=\"wp-block-post post-6192 post type-post status-publish format-standard has-post-thumbnail hentry category-beitrag category-exkursionen\">\n\n<div class=\"wp-block-columns alignwide blocklist hellblau is-layout-flex wp-container-core-columns-is-layout-9d6595d7 wp-block-columns-is-layout-flex\">\n<div class=\"wp-block-column is-layout-flow wp-block-column-is-layout-flow\" style=\"flex-basis:75%\"><h2 class=\"wp-block-post-title\"><a href=\"https:\/\/khgkoeln.de\/en\/heiliges-jahr-rom-2025\/\" target=\"_self\" >Holy Year Rome 2025<\/a><\/h2>\n\n<div class=\"wp-block-post-excerpt\"><p class=\"wp-block-post-excerpt__excerpt\">WED 30 July: Pilgrimage for the Holy Year to Rome for the World Youth Meeting with the Pope.<\/p><p class=\"wp-block-post-excerpt__more-text\"><a class=\"wp-block-post-excerpt__more-link\" href=\"https:\/\/khgkoeln.de\/en\/heiliges-jahr-rom-2025\/\"><br>&gt; Weiterlesen<\/a><\/p><\/div><\/div>\n<\/div>\n\n<\/li><li class=\"wp-block-post post-4883 post type-post status-publish format-standard has-post-thumbnail hentry category-beitrag category-exkursionen\">\n\n<div class=\"wp-block-columns alignwide blocklist hellblau is-layout-flex wp-container-core-columns-is-layout-9d6595d7 wp-block-columns-is-layout-flex\">\n<div class=\"wp-block-column is-layout-flow wp-block-column-is-layout-flow\" style=\"flex-basis:75%\"><h2 class=\"wp-block-post-title\"><a href=\"https:\/\/khgkoeln.de\/en\/auszeit-im-kloster\/\" target=\"_self\" >Aus:Zeit im Kloster 2025<\/a><\/h2>\n\n<div class=\"wp-block-post-excerpt\"><p class=\"wp-block-post-excerpt__excerpt\">THU 23. January Enjoy the ancient monastic rhythm of praying-working-relaxing... Get fit for the exams.<\/p><p class=\"wp-block-post-excerpt__more-text\"><a class=\"wp-block-post-excerpt__more-link\" href=\"https:\/\/khgkoeln.de\/en\/auszeit-im-kloster\/\"><br>&gt; Weiterlesen<\/a><\/p><\/div><\/div>\n<\/div>\n\n<\/li><\/ul><\/div>","protected":false},"excerpt":{"rendered":"<p>Sportangebote Exkursionen<\/p>","protected":false},"author":1,"featured_media":0,"parent":0,"menu_order":3,"comment_status":"closed","ping_status":"closed","template":"","meta":{"ngg_post_thumbnail":0,"footnotes":""},"class_list":["post-5474","page","type-page","status-publish","hentry"],"_links":{"self":[{"href":"https:\/\/khgkoeln.de\/en\/wp-json\/wp\/v2\/pages\/5474","targetHints":{"allow":["GET"]}}],"collection":[{"href":"https:\/\/khgkoeln.de\/en\/wp-json\/wp\/v2\/pages"}],"about":[{"href":"https:\/\/khgkoeln.de\/en\/wp-json\/wp\/v2\/types\/page"}],"author":[{"embeddable":true,"href":"https:\/\/khgkoeln.de\/en\/wp-json\/wp\/v2\/users\/1"}],"replies":[{"embeddable":true,"href":"https:\/\/khgkoeln.de\/en\/wp-json\/wp\/v2\/comments?post=5474"}],"version-history":[{"count":2,"href":"https:\/\/khgkoeln.de\/en\/wp-json\/wp\/v2\/pages\/5474\/revisions"}],"predecessor-version":[{"id":5513,"href":"https:\/\/khgkoeln.de\/en\/wp-json\/wp\/v2\/pages\/5474\/revisions\/5513"}],"wp:attachment":[{"href":"https:\/\/khgkoeln.de\/en\/wp-json\/wp\/v2\/media?parent=5474"}],"curies":[{"name":"wp","href":"https:\/\/api.w.org\/{rel}","templated":true}]}}